{"id":14,"date":"2018-02-01T17:10:56","date_gmt":"2018-02-01T17:10:56","guid":{"rendered":"https:\/\/ikmk.hu\/archiv\/?page_id=14"},"modified":"2022-10-14T06:33:07","modified_gmt":"2022-10-14T06:33:07","slug":"ivancsai-konyvtar","status":"publish","type":"page","link":"https:\/\/ikmk.hu\/archiv\/ivancsai-konyvtar\/","title":{"rendered":"Iv\u00e1ncsai K\u00f6nyvt\u00e1r"},"content":{"rendered":"<h2 style=\"text-align: center;\"><span style=\"text-decoration: underline; color: #326696;\">Iv\u00e1ncsai K\u00f6nyvt\u00e1r \u00e9s M\u0171vel\u0151d\u00e9si K\u00f6zpont<\/span><\/h2>\n<h4 style=\"text-align: center;\"><span style=\"text-decoration: underline; color: #326696; font-size: 10pt;\">2454 Iv\u00e1ncsa, F\u0151 u. 61.<\/span><\/h4>\n<table style=\"width: 99.5984%; border-collapse: collapse; border-color: #fcfcfc; height: 312px;\" border=\"1\">\n<tbody>\n<tr style=\"height: 96px;\">\n<td style=\"width: 100%; text-align: center; height: 96px;\"><span style=\"color: #5d7ea3; font-size: 10pt;\"><strong>Az Iv\u00e1ncsai K\u00f6nyvt\u00e1r \u00e9s M\u0171vel\u0151d\u00e9si K\u00f6zpont fenntart\u00f3ja:\u00a0\u00a0 <\/strong><\/span><br \/>\n<span style=\"color: #5d7ea3; font-size: 10pt;\">Iv\u00e1ncsa K\u00f6zs\u00e9gi \u00d6nkorm\u00e1nyzat<\/span><br \/>\n<span style=\"color: #5d7ea3; font-size: 10pt;\">2454 Iv\u00e1ncsa, F\u0151 u. 61\/B<\/span><br \/>\n<span style=\"color: #5d7ea3; font-size: 10pt;\"><a style=\"color: #5d7ea3;\" href=\"http:\/\/www.ivancsa.hu\/\" target=\"_blank\" rel=\"noopener\"><strong><span style=\"text-decoration: underline;\">honlap:<\/span><\/strong><span style=\"text-decoration: underline;\"> www.ivancsa.hu<\/span><\/a><\/span><\/p>\n<p><span style=\"font-size: 10pt; color: #5f7c9e;\"><strong>K\u00f6nyvt\u00e1ros:<\/strong> R\u00f3nyain\u00e9 Mayer Piroska<\/span><br \/>\n<span style=\"font-size: 10pt; color: #5f7c9e;\"><strong>e-mail:<\/strong> ikkonyvtar@gmail.com<\/span><br \/>\n<a href=\"https:\/\/ikmk.hu\/archiv\/ivancsai-konyvtar\/\"><span style=\"font-size: 10pt; color: #5f7c9e;\"><span style=\"text-decoration: underline;\"><strong>honlap:<\/strong> ikmk.hu<\/span><\/span><\/a><br \/>\n<span style=\"font-size: 10pt; color: #5f7c9e;\"><strong>tel.:<\/strong> 06-20-476-01-27<\/span><\/td>\n<\/tr>\n<\/tbody>\n<\/table>\n<p style=\"text-align: center;\"><span style=\"font-family: arial, helvetica, sans-serif; font-size: 18pt; color: #53688c;\"><strong>Nyitvatart\u00e1s: <\/strong><\/span><\/p>\n<p style=\"text-align: center;\"><span style=\"font-size: 18pt; font-family: arial, helvetica, sans-serif; color: #53688c;\"><strong>H\u00e9tf\u0151: 8:00 &#8211; 17:00<\/strong><\/span><br \/>\n<span style=\"font-size: 18pt; font-family: arial, helvetica, sans-serif; color: #53688c;\"><strong>Kedd: 8:00 &#8211; 16:00<\/strong><\/span><br \/>\n<span style=\"font-size: 18pt; font-family: arial, helvetica, sans-serif; color: #53688c;\"><strong>Szerda: 8:00 &#8211; 17:00<\/strong><\/span><br \/>\n<span style=\"font-size: 18pt; font-family: arial, helvetica, sans-serif; color: #53688c;\"><strong>Cs\u00fct\u00f6rt\u00f6k: 8:00 &#8211; 16:00<\/strong><\/span><br \/>\n<span style=\"font-size: 18pt; font-family: arial, helvetica, sans-serif; color: #53688c;\"><strong>P\u00e9ntek: 8:00 &#8211; 14:00<\/strong><\/span><\/p>\n<p style=\"text-align: center;\"><span style=\"font-family: symbol; color: #3e668c;\">__________________________________________________________________________________<br \/>\n<\/span><\/p>\n<table style=\"border-collapse: collapse; width: 100%;\" border=\"1\">\n<tbody>\n<tr>\n<td style=\"width: 100%; background-color: #f5ecbc; text-align: center;\"><a href=\"https:\/\/ikmk.hu\/archiv\/ivancsai-konyvtar\/hirek\/eves-rendezvenyek\/\"><strong><span style=\"font-family: comic sans ms, sans-serif; font-size: 24pt;\">H\u00edrek &#8211; Programok\u00a0\u21d2<\/span><\/strong><\/a><\/td>\n<\/tr>\n<\/tbody>\n<\/table>\n<hr \/>\n<h2 style=\"text-align: center;\"><span style=\"font-family: arial, helvetica, sans-serif; color: #2f6c9c; font-size: 18pt;\">A k\u00f6nyvt\u00e1r \u00e9s a Digit\u00e1lis J\u00f3l\u00e9t Pont szolg\u00e1ltat\u00e1sai<\/span><\/h2>\n<p style=\"text-align: left;\"><span style=\"font-family: arial, helvetica, sans-serif; color: #4e7999; font-size: 18pt;\"><strong>T\u00e9r\u00edt\u00e9smentes szolg\u00e1ltat\u00e1sok <\/strong><\/span><br \/>\n<span style=\"font-family: arial, helvetica, sans-serif; color: #4e7999;\"><strong>\u00a0\u00a0\u00a0\u00a0\u00a0\u00a0\u00a0\u00a0\u00a0 Regisztr\u00e1ci\u00f3hoz k\u00f6t\u00f6tt szolg\u00e1ltat\u00e1sok: <\/strong><\/span><\/p>\n<ul>\n<li><span style=\"font-family: arial, helvetica, sans-serif; color: #4e7999;\">k\u00f6nyvt\u00e1rl\u00e1togat\u00e1s<\/span><\/li>\n<li><span style=\"font-family: arial, helvetica, sans-serif; color: #4e7999;\">a k\u00f6nyvt\u00e1r \u00e1ltal kijel\u00f6lt gy\u0171jtem\u00e9nyr\u00e9szek helyben haszn\u00e1lata,<\/span><\/li>\n<li><span style=\"font-family: arial, helvetica, sans-serif; color: #4e7999;\">az \u00e1llom\u00e1nyfelt\u00e1r\u00f3 eszk\u00f6z\u00f6k haszn\u00e1lata,<\/span><\/li>\n<li><span style=\"font-family: arial, helvetica, sans-serif; color: #4e7999;\">inform\u00e1ci\u00f3 a k\u00f6nyvt\u00e1r \u00e9s a k\u00f6nyvt\u00e1ri rendszer szolg\u00e1ltat\u00e1sair\u00f3l.<\/span><\/li>\n<li><span style=\"font-family: arial, helvetica, sans-serif; color: #4e7999;\">dokumentumok helyben haszn\u00e1lata,<\/span><\/li>\n<li><span style=\"font-family: arial, helvetica, sans-serif; color: #4e7999;\">on-line katal\u00f3gus haszn\u00e1lata <a style=\"color: #4e7999;\" href=\"http:\/\/94.199.48.18\/sziren_1326.htm\" target=\"_blank\" rel=\"noopener\">(szir\u00e9n katal\u00f3gus)<\/a><\/span><\/li>\n<li><span style=\"font-family: arial, helvetica, sans-serif; color: #4e7999;\">t\u00e1j\u00e9koztat\u00e1s a k\u00f6nyvt\u00e1ri rendszerr\u0151l, a Digit\u00e1lis J\u00f3l\u00e9t Program Pontr\u00f3l \u00e9s szolg\u00e1ltat\u00e1saikr\u00f3l,<\/span><\/li>\n<li><span style=\"font-family: arial, helvetica, sans-serif; color: #4e7999;\">e-k\u00f6zszolg\u00e1ltat\u00e1sok ig\u00e9nybev\u00e9tele,<\/span><\/li>\n<li><span style=\"font-family: arial, helvetica, sans-serif; color: #4e7999;\">hivatalos on-line \u00fcgyint\u00e9z\u00e9s,<\/span><\/li>\n<li><span style=\"font-family: arial, helvetica, sans-serif; color: #4e7999;\">sz\u00e1m\u00edt\u00f3g\u00e9p-haszn\u00e1lat, <a style=\"color: #4e7999;\" href=\"https:\/\/ikmk.hu\/archiv\/ivancsai-konyvtar\/szamitogep-es-internethasznalati-szabalyzat\/\">(sz\u00e1m\u00edt\u00f3g\u00e9p \u00e9s internethaszn\u00e1lat\u00a0 \u21d2)<\/a><\/span><\/li>\n<li><span style=\"font-family: arial, helvetica, sans-serif; color: #4e7999;\">internethaszn\u00e1lat, <a style=\"color: #4e7999;\" href=\"https:\/\/ikmk.hu\/archiv\/ivancsai-konyvtar\/szamitogep-es-internethasznalati-szabalyzat\/\">(sz\u00e1m\u00edt\u00f3g\u00e9p \u00e9s internethaszn\u00e1lat\u00a0 \u21d2)<\/a><\/span><\/li>\n<li><span style=\"font-family: arial, helvetica, sans-serif; color: #4e7999;\">dokumentumok nyomtat\u00e1sa (sz\u00ednes, fekete-feh\u00e9r),<\/span><\/li>\n<li><span style=\"font-family: arial, helvetica, sans-serif; color: #4e7999;\">dokumentumok f\u00e9nym\u00e1sol\u00e1sa (sz\u00ednes, fekete-feh\u00e9r),<\/span><\/li>\n<li><span style=\"font-family: arial, helvetica, sans-serif; color: #4e7999;\">szkennel\u00e9s,<\/span><\/li>\n<li><span style=\"font-family: arial, helvetica, sans-serif; color: #4e7999;\">adatlet\u00f6lt\u00e9s\/ment\u00e9s (saj\u00e1t adathordoz\u00f3ra),<\/span><\/li>\n<li><span style=\"font-family: arial, helvetica, sans-serif; color: #4e7999;\">Nemzeti AudioVizu\u00e1lis Arch\u00edvum haszn\u00e1lata. <a style=\"color: #4e7999;\" href=\"https:\/\/nava.hu\/\" target=\"_blank\" rel=\"noopener\">(nava.hu\u00a0 \u21d2)<\/a><\/span><\/li>\n<\/ul>\n<p><span style=\"font-family: arial, helvetica, sans-serif; color: #4e7999;\"><strong>\u00a0\u00a0\u00a0\u00a0\u00a0\u00a0\u00a0\u00a0\u00a0\u00a0 Beiratkoz\u00e1shoz k\u00f6t\u00f6tt szolg\u00e1ltat\u00e1sok:<\/strong> (beiratkoz\u00e1s, k\u00f6nyvt\u00e1rhaszn\u00e1lat)<\/span><\/p>\n<ul>\n<li><span style=\"font-family: arial, helvetica, sans-serif; color: #4e7999;\">dokumentumok el\u0151jegyz\u00e9se, k\u00f6lcs\u00f6nz\u00e9se, hosszabb\u00edt\u00e1sa,<\/span><\/li>\n<li><span style=\"font-family: arial, helvetica, sans-serif; color: #4e7999;\">k\u00e9r\u00e9sre a dokumentumok h\u00e1zhoz sz\u00e1ll\u00edt\u00e1sa,<\/span><\/li>\n<li><span style=\"font-family: arial, helvetica, sans-serif; color: #4e7999;\">k\u00f6nyvt\u00e1rk\u00f6zi k\u00f6lcs\u00f6nz\u00e9s (k\u00f6nyvek, hangosk\u00f6nyvek, DVD-k, id\u0151szaki kiadv\u00e1nyok, stb.),<\/span><\/li>\n<li><span style=\"font-family: arial, helvetica, sans-serif; color: #4e7999;\">fels\u0151fok\u00fa tanulm\u00e1nyokat v\u00e9gz\u0151k sz\u00e1m\u00e1ra k\u00f6nyvt\u00e1ri dokumentumok beszerz\u00e9se,<\/span><\/li>\n<li><span style=\"font-family: arial, helvetica, sans-serif; color: #4e7999;\">irodalomkutat\u00e1s, t\u00e9mafigyel\u00e9s<\/span><\/li>\n<li><\/li>\n<\/ul>\n<p><span style=\"font-family: arial, helvetica, sans-serif; color: #4e7999; font-size: 18pt;\"><strong>T\u00e9r\u00edt\u00e9ses szolg\u00e1ltat\u00e1sok<\/strong><\/span><\/p>\n<p><span style=\"font-family: arial, helvetica, sans-serif; color: #4e7999;\"><strong>\u00a0\u00a0\u00a0\u00a0\u00a0\u00a0\u00a0\u00a0\u00a0 K\u00f6nyvt\u00e1rk\u00f6zi k\u00f6lcs\u00f6nz\u00e9s: <\/strong><\/span><\/p>\n<ul>\n<li><span style=\"font-family: arial, helvetica, sans-serif; color: #4e7999;\">a dokumentumok visszak\u00fcld\u00e9s\u00e9nek postai d\u00edja, illetve a m\u00e1solatszolg\u00e1ltat\u00e1s d\u00edja, amit a k\u00fcld\u0151 k\u00f6nyvt\u00e1r hat\u00e1roz meg.<\/span><\/li>\n<\/ul>\n<h4><\/h4>\n<h4><span style=\"font-family: arial, helvetica, sans-serif; color: #4e7999;\">K\u00f6nyvt\u00e1rhaszn\u00e1l\u00f3knak<\/span><\/h4>\n<p><span style=\"font-family: arial, helvetica, sans-serif; color: #4e7999;\"><a style=\"color: #4e7999;\" href=\"https:\/\/ikmk.hu\/archiv\/ivancsai-konyvtar\/beiratkozas-es-konyvtarhasznalati-szabalyzat\/\"><span style=\"text-decoration: underline;\">Beiratkoz\u00e1s \u00e9s K\u00f6nyvt\u00e1rhaszn\u00e1lati szab\u00e1lyzat\u00a0\u00a0\u21d2<\/span><\/a><\/span><br \/>\n<span style=\"text-decoration: underline; color: #4e7999;\"><span style=\"font-family: arial, helvetica, sans-serif;\"><a style=\"color: #4e7999; text-decoration: underline;\" href=\"https:\/\/ikmk.hu\/archiv\/ivancsai-konyvtar\/szamitogep-es-internethasznalati-szabalyzat\/\">Sz\u00e1m\u00edt\u00f3g\u00e9p- \u00e9s internethaszn\u00e1lati szab\u00e1lyzat\u00a0\u00a0\u21d2<\/a><\/span><\/span><\/p>\n","protected":false},"excerpt":{"rendered":"<p>Iv\u00e1ncsai K\u00f6nyvt\u00e1r \u00e9s M\u0171vel\u0151d\u00e9si K\u00f6zpont 2454 Iv\u00e1ncsa, F\u0151 u. 61. Az Iv\u00e1ncsai K\u00f6nyvt\u00e1r \u00e9s M\u0171vel\u0151d\u00e9si K\u00f6zpont fenntart\u00f3ja:\u00a0\u00a0 Iv\u00e1ncsa K\u00f6zs\u00e9gi \u00d6nkorm\u00e1nyzat 2454 Iv\u00e1ncsa, F\u0151 u. 61\/B honlap: www.ivancsa.hu K\u00f6nyvt\u00e1ros: R\u00f3nyain\u00e9 Mayer Piroska e-mail: ikkonyvtar@gmail.com honlap: ikmk.hu tel.: 06-20-476-01-27 Nyitvatart\u00e1s: H\u00e9tf\u0151: 8:00 &#8211; 17:00 Kedd: 8:00 &#8211; 16:00 Szerda: 8:00 &#8211; 17:00 Cs\u00fct\u00f6rt\u00f6k: 8:00 &#8211; 16:00 P\u00e9ntek: [&hellip;]<\/p>\n","protected":false},"author":1,"featured_media":0,"parent":0,"menu_order":0,"comment_status":"closed","ping_status":"closed","template":"","meta":{"footnotes":""},"class_list":["post-14","page","type-page","status-publish","hentry"],"brizy_media":[],"_links":{"self":[{"href":"https:\/\/ikmk.hu\/archiv\/wp-json\/wp\/v2\/pages\/14","targetHints":{"allow":["GET"]}}],"collection":[{"href":"https:\/\/ikmk.hu\/archiv\/wp-json\/wp\/v2\/pages"}],"about":[{"href":"https:\/\/ikmk.hu\/archiv\/wp-json\/wp\/v2\/types\/page"}],"author":[{"embeddable":true,"href":"https:\/\/ikmk.hu\/archiv\/wp-json\/wp\/v2\/users\/1"}],"replies":[{"embeddable":true,"href":"https:\/\/ikmk.hu\/archiv\/wp-json\/wp\/v2\/comments?post=14"}],"version-history":[{"count":2,"href":"https:\/\/ikmk.hu\/archiv\/wp-json\/wp\/v2\/pages\/14\/revisions"}],"predecessor-version":[{"id":4416,"href":"https:\/\/ikmk.hu\/archiv\/wp-json\/wp\/v2\/pages\/14\/revisions\/4416"}],"wp:attachment":[{"href":"https:\/\/ikmk.hu\/archiv\/wp-json\/wp\/v2\/media?parent=14"}],"curies":[{"name":"wp","href":"https:\/\/api.w.org\/{rel}","templated":true}]}}