{"id":2892,"date":"2020-04-09T11:27:45","date_gmt":"2020-04-09T11:27:45","guid":{"rendered":"https:\/\/ikmk.hu\/archiv\/?page_id=2892"},"modified":"2021-01-29T19:58:47","modified_gmt":"2021-01-29T19:58:47","slug":"2019-2","status":"publish","type":"page","link":"https:\/\/ikmk.hu\/archiv\/ivancsai-konyvtar\/archiv\/2019-2\/","title":{"rendered":"2019"},"content":{"rendered":"<h5 style=\"padding-left: 30px;\"><span style=\"font-size: 12pt;\"><strong>2019-es programjaink<\/strong><\/span><\/h5>\n<h5><span style=\"font-size: 10pt;\"><strong>December<\/strong><\/span><\/h5>\n<h5><span style=\"font-size: 10pt;\"><a href=\"https:\/\/ikmk.hu\/archiv\/kategoria\/konyvtar-archiv\/\"><strong>2019.12.12. 13 h:<\/strong> Kar\u00e1csonyi k\u00e9zm\u0171ves foglakoz\u00e1s a Csal\u00e1dseg\u00edt\u0151 Szolg\u00e1lat partners\u00e9g\u00e9ben<\/a><\/span><\/h5>\n<h5><span style=\"font-size: 10pt;\"><strong>2019.12.03.:<\/strong> Adventi kalend\u00e1rium &#8211; ablakdekor\u00e1ci\u00f3<\/span><\/h5>\n<h5><span style=\"font-size: 10pt;\"><strong>November<\/strong><\/span><\/h5>\n<h5><span style=\"font-size: 10pt;\"><strong>2019.11.11. 9h; 10h; 11h: <\/strong>Tal\u00e1lkoz\u00f3 M. K\u00e1csor Zolt\u00e1n mese\u00edr\u00f3val &#8211; 2. 3. 4. oszt\u00e1lyosoknak \u00e9s az \u00f3voda nagycsoportosainak<\/span><\/h5>\n<h5><span style=\"font-size: 10pt;\"><strong>Okt\u00f3ber<\/strong><\/span><\/h5>\n<h5><span style=\"font-size: 10pt;\"><strong>Okt\u00f3ber &#8211; november h\u00f3napban: <\/strong>Nemzetk\u00f6zi k\u00f6nyvjelz\u0151csere program<\/span><\/h5>\n<h5><span style=\"font-size: 10pt;\"><em> A r\u00e9sztvev\u0151 oszt\u00e1lyok \u00e9s a partner orsz\u00e1gok, ahonnan a k\u00f6nyvjelz\u0151ket kapj\u00e1k a di\u00e1kok:<\/em><\/span><\/h5>\n<h5><span style=\"font-size: 10pt;\"><em>1. a &#8211; Ausztr\u00e1lia<\/em><\/span><\/h5>\n<h5><span style=\"font-size: 10pt;\"><em>2. a &#8211; Szlov\u00e9nia<\/em><\/span><\/h5>\n<h5><span style=\"font-size: 10pt;\"><em>3. a &#8211; Portug\u00e1lia\u200b\u200b<\/em><\/span><\/h5>\n<h5><span style=\"font-size: 10pt;\"><em>4. a &#8211; India<\/em><\/span><\/h5>\n<h5><span style=\"font-size: 10pt;\"><em>5. a &#8211; Hong Kong<\/em><\/span><\/h5>\n<h5><span style=\"font-size: 10pt;\"><em>6. a &#8211; India<\/em><\/span><\/h5>\n<h5><span style=\"font-size: 10pt;\"><em>6. b &#8211; Izland<\/em><\/span><\/h5>\n<h5><span style=\"font-size: 10pt;\"><em>7. b &#8211; Portug\u00e1lia<\/em><\/span><\/h5>\n<h5><span style=\"font-size: 10pt;\"><em>8. a &#8211; Litv\u00e1nia<\/em><\/span><\/h5>\n<h5><span style=\"font-size: 10pt;\"><strong> 2019. 09.30.- 2019.10.06.:<\/strong> Orsz\u00e1gos K\u00f6nyvt\u00e1ri Napok<\/span><\/h5>\n<h5><span style=\"font-size: 10pt;\"><strong>2019.09.30.:<\/strong> N\u00e9pmese Napja az iskol\u00e1ban \u00e9s az \u00f3vod\u00e1ban<\/span><\/h5>\n<h5><span style=\"font-size: 10pt;\"><strong>2019.10.01. 10 h<\/strong> : Ringat\u00f3 &#8211; foglakoz\u00e1s kisgyerekeknek \u00e9s anyuk\u00e1juknak<\/span><\/h5>\n<h5><span style=\"font-size: 10pt;\"><strong>2019.10.02. 09 &#8211; 11 h<\/strong>: Pap\u00edrsz\u00ednh\u00e1z &#8211; iskol\u00e1soknak \u00e9s \u00f3vod\u00e1soknak<\/span><\/h5>\n<h5><span style=\"font-size: 10pt;\"><strong>2019.10.03.:<\/strong> F\u0151v\u00e1rosi Szab\u00f3 Ervin K\u00f6nyvt\u00e1r \u00e9s a &#8222;Matrica&#8221; M\u00fazeum \u00e9s R\u00e9g\u00e9szeti Park &#8211; 4. oszt\u00e1lyos tanul\u00f3knak<\/span><\/h5>\n<h5><span style=\"font-size: 10pt;\"><strong>2019.10.04. 13 h:<\/strong> Bosny\u00e1k Vikt\u00f3ria &#8211; Dud\u00e1s Gy\u0151z\u0151: R\u00e9m j\u00f3 az olvas\u00e1s! &#8211; olvas\u00e1sra buzd\u00edt\u00f3 foglakoz\u00e1s &#8211; 2. 3. \u00e9s 4. oszt\u00e1lyosoknak<\/span><\/h5>\n<h5><span style=\"font-size: 10pt;\"><strong>Szeptember<\/strong><\/span><\/h5>\n<h5><span style=\"font-size: 10pt;\"><strong>2019.09.30. 08.00 &#8211; 14.00 h:<\/strong> N\u00e9pmese Napja<\/span><\/h5>\n<h5><span style=\"font-size: 10pt;\"><strong>Augusztus<\/strong><\/span><\/h5>\n<h5><span style=\"font-size: 10pt;\"><strong>2019.08.18. 09 h:<\/strong> DJP &#8211; Applik\u00e1ci\u00f3k telefonon \u00e9s tableten (Gyermekeink\u00e9rt Alap\u00edtv\u00e1ny programj\u00e1hoz csatlakozva)<\/span><\/h5>\n<h5><span style=\"font-size: 10pt;\"><strong>J\u00fanius<\/strong><\/span><\/h5>\n<h5><span style=\"font-size: 10pt;\"><strong>2019.06.07. &#8211; 2019.08.25. :<\/strong> Ki\u00e1ll\u00edt\u00e1s a Gyermekeink\u00e9rt Alap\u00edtv\u00e1ny \u00e1ltal meghirdetett rajzversenyre be\u00e9rkezett rajzokb\u00f3l<\/span><\/h5>\n<h5><span style=\"font-size: 10pt;\"><strong>\u00c1prilis<\/strong><\/span><\/h5>\n<h5><span style=\"font-size: 10pt;\"><strong>2019.04.10.:<\/strong> K\u00f6lt\u00e9szet napja: <em>Vend\u00e9g:<\/em> M\u00fcller Zs\u00f3fia<\/span><\/h5>\n<h5><span style=\"font-size: 10pt;\"><strong>M\u00e1rcius<\/strong><\/span><\/h5>\n<h5><span style=\"font-size: 10pt;\"><strong>\u00a02019.03.21 &#8211; 2019.03.28.: <\/strong>Internet Fiesta<\/span><\/h5>\n<h5><span style=\"font-size: 10pt;\"><a href=\"https:\/\/ikmk.hu\/archiv\/konyvtar-archiv\/internet-fiesta-2019-03-26-17h\/\"><strong><em>2019.03.26. 17 h: <\/em><\/strong><em>Iskola \u00e9s okoseszk\u00f6z\u00f6k<\/em><\/a><\/span><\/h5>\n<h5><span style=\"font-size: 10pt;\"><em><a href=\"https:\/\/ikmk.hu\/archiv\/wp-content\/uploads\/2019\/03\/InternetFiesta_2019_plak%C3%A1t_utaz%C3%A1s.pdf\"><strong>2019.03.21. 16 h:<\/strong> Utaz\u00e1s<\/a><\/em><\/span><\/h5>\n<h5><span style=\"font-size: 10pt;\"><em><a href=\"https:\/\/ikmk.hu\/archiv\/wp-content\/uploads\/2019\/03\/InternetFiesta_2019_plak%C3%A1t_kommunik%C3%A1ci%C3%B3.pdf\"><strong>2019.03.21. 15 h: <\/strong>Kommunik\u00e1ci\u00f3<\/a><\/em><\/span><\/h5>\n<h5><span style=\"font-size: 10pt;\"><strong>2019.03.14. 09 h:<\/strong> M\u00e1rcius 15. \u2013 fels\u0151 tagozat interakt\u00edv megeml\u00e9kez\u00e9s<\/span><\/h5>\n<h5><span style=\"font-size: 10pt;\"><strong>2019.03.08 &#8211; 03.10. <\/strong>K\u00f6nyvt\u00e1rhaszn\u00e1lati vet\u00e9lked\u0151<\/span><\/h5>\n<h5><span style=\"font-size: 10pt;\"><strong>2019. 03.13. 14 h<\/strong> Pet\u0151fi szaval\u00f3verseny \u2013 fels\u0151 tagozat<\/span><\/h5>\n<h5><span style=\"font-size: 10pt;\"><strong>2019.03.08. 14 h<\/strong> Kazinczy sz\u00e9pkiejt\u00e9si verseny \u2013 als\u00f3 tagozat<\/span><\/h5>\n<h5><span style=\"font-size: 10pt;\"><strong>Janu\u00e1r:<\/strong><\/span><\/h5>\n<h5><span style=\"font-size: 10pt;\"><strong><a href=\"https:\/\/ikmk.hu\/archiv\/galeria\/zsuffa-tunde-2\/\">2019.01.25. 18h: <\/a><\/strong><\/span><a href=\"https:\/\/ikmk.hu\/archiv\/galeria\/zsuffa-tunde-2\/\"><span style=\"font-size: 10pt;\">Magyar Kult\u00fara Napja: <em>Vend\u00e9g:<\/em> Zsuffa T\u00fcnde<\/span> <\/a><\/h5>\n","protected":false},"excerpt":{"rendered":"<p>2019-es programjaink December 2019.12.12. 13 h: Kar\u00e1csonyi k\u00e9zm\u0171ves foglakoz\u00e1s a Csal\u00e1dseg\u00edt\u0151 Szolg\u00e1lat partners\u00e9g\u00e9ben 2019.12.03.: Adventi kalend\u00e1rium &#8211; ablakdekor\u00e1ci\u00f3 November 2019.11.11. 9h; 10h; 11h: Tal\u00e1lkoz\u00f3 M. K\u00e1csor Zolt\u00e1n mese\u00edr\u00f3val &#8211; 2. 3. 4. oszt\u00e1lyosoknak \u00e9s az \u00f3voda nagycsoportosainak Okt\u00f3ber Okt\u00f3ber &#8211; november h\u00f3napban: Nemzetk\u00f6zi k\u00f6nyvjelz\u0151csere program A r\u00e9sztvev\u0151 oszt\u00e1lyok \u00e9s a partner orsz\u00e1gok, ahonnan a k\u00f6nyvjelz\u0151ket [&hellip;]<\/p>\n","protected":false},"author":4,"featured_media":0,"parent":513,"menu_order":0,"comment_status":"closed","ping_status":"closed","template":"","meta":{"footnotes":""},"class_list":["post-2892","page","type-page","status-publish","hentry"],"brizy_media":[],"_links":{"self":[{"href":"https:\/\/ikmk.hu\/archiv\/wp-json\/wp\/v2\/pages\/2892","targetHints":{"allow":["GET"]}}],"collection":[{"href":"https:\/\/ikmk.hu\/archiv\/wp-json\/wp\/v2\/pages"}],"about":[{"href":"https:\/\/ikmk.hu\/archiv\/wp-json\/wp\/v2\/types\/page"}],"author":[{"embeddable":true,"href":"https:\/\/ikmk.hu\/archiv\/wp-json\/wp\/v2\/users\/4"}],"replies":[{"embeddable":true,"href":"https:\/\/ikmk.hu\/archiv\/wp-json\/wp\/v2\/comments?post=2892"}],"version-history":[{"count":4,"href":"https:\/\/ikmk.hu\/archiv\/wp-json\/wp\/v2\/pages\/2892\/revisions"}],"predecessor-version":[{"id":3351,"href":"https:\/\/ikmk.hu\/archiv\/wp-json\/wp\/v2\/pages\/2892\/revisions\/3351"}],"up":[{"embeddable":true,"href":"https:\/\/ikmk.hu\/archiv\/wp-json\/wp\/v2\/pages\/513"}],"wp:attachment":[{"href":"https:\/\/ikmk.hu\/archiv\/wp-json\/wp\/v2\/media?parent=2892"}],"curies":[{"name":"wp","href":"https:\/\/api.w.org\/{rel}","templated":true}]}}