{"id":2900,"date":"2020-04-09T11:57:53","date_gmt":"2020-04-09T11:57:53","guid":{"rendered":"https:\/\/ikmk.hu\/archiv\/?page_id=2900"},"modified":"2020-04-09T12:37:28","modified_gmt":"2020-04-09T12:37:28","slug":"2018-2","status":"publish","type":"page","link":"https:\/\/ikmk.hu\/archiv\/ivancsai-konyvtar\/archiv\/2018-2\/","title":{"rendered":"2018"},"content":{"rendered":"<h5><span style=\"font-size: 10pt;\"><strong>2018-as programjaink<\/strong><\/span><\/h5>\n<h5><span style=\"font-size: 10pt;\"><strong><a href=\"https:\/\/ikmk.hu\/archiv\/kategoria\/konyvtar-archiv\/\">Kar\u00e1csonyi k\u00e9zm\u0171ves 2018.12.13. 13-15 \u00f3ra<\/a><\/strong><\/span><\/h5>\n<h5><span style=\"font-size: 10pt;\"><strong>Falugazd\u00e1sz v\u00e1laszol 2018.12.04. 13 \u00f3ra<\/strong><\/span><\/h5>\n<h5><span style=\"font-size: 10pt;\"><strong>Hogyan tal\u00e1l munkahelyet? 2018.11.28. 10 \u00f3ra<\/strong><\/span><\/h5>\n<h5><span style=\"font-size: 10pt;\"><strong>Digit\u00e1lis Gyermekv\u00e9delem Sz\u00fcl\u0151knek \u2013 M\u00e9diahaszn\u00e1lat, Identit\u00e1s 2018.11-21. 16.30 \u00f3ra<\/strong><\/span><\/h5>\n<h5><span style=\"font-size: 10pt;\"><strong>Digit\u00e1lis Gyermekv\u00e9delem sz\u00fcl\u0151knek \u2013 Mag\u00e1nszf\u00e9ra \u2013 Adatv\u00e9delem 2018.11.21. 14 \u00f3ra<\/strong><\/span><\/h5>\n<h5><span style=\"font-size: 10pt;\"><strong>\u00cdr\u00f3-olvas\u00f3 tal\u00e1lkoz\u00f3 Kov\u00e1cs Attil\u00e1val 2018.10.15. 9-10-11 \u00f3ra<\/strong><\/span><\/h5>\n<h5><span style=\"font-size: 10pt;\"><strong>Orsz\u00e1gos K\u00f6nyvt\u00e1ri Napok 2018.10.01. \u2013 2018.10.07. \u2013 Pap\u00edrsz\u00ednh\u00e1z 2018.10.04.<\/strong><\/span><\/h5>\n<h5><span style=\"font-size: 10pt;\"><strong>Nemzetk\u00f6zi k\u00f6nyvjelz\u0151csere 2018.10.01 \u2013<\/strong><\/span><\/h5>\n<h5><span style=\"font-size: 10pt;\"><strong>Orsz\u00e1gos K\u00f6nyvt\u00e1ri Napok 2018.10.01. \u2013 2018.10.07. \u2013 N\u00e9pmese napja \u2013 2018.10.01.<\/strong><\/span><\/h5>\n<h5><span style=\"font-size: 10pt;\"><strong>Ki\u00e1ll\u00edt\u00e1s \u2013 Rajzp\u00e1ly\u00e1zat ki\u00e1ll\u00edt\u00e1s a k\u00f6nyvt\u00e1rban 2018.06.03 \u2013<\/strong><\/span><\/h5>\n<h5><span style=\"font-size: 10pt;\"><strong>Kir\u00e1ndul\u00e1s!!! \ud83d\ude42 F\u0151v\u00e1rosi Szab\u00f3 Ervin K\u00f6nyvt\u00e1r \u00e9s Matrica M\u00fazeum 2018.05.10.<\/strong><\/span><\/h5>\n<h5><span style=\"font-size: 10pt;\"><strong>K\u00f6lt\u00e9szet Napja : Vend\u00e9g\u00fcnk M\u00fcller Zs\u00f3fia 2018.04.11.<\/strong><\/span><\/h5>\n<h5><span style=\"font-size: 10pt;\"><strong>InternetFiesta \u2013 5 csillagos on-line kommunik\u00e1ci\u00f3 Biztons\u00e1gosan a neten 2018.03.22. 14.00<\/strong><\/span><\/h5>\n<h5><span style=\"font-size: 10pt;\"><strong>InternetFiesta \u2013 \u00dcgyint\u00e9z\u00e9st\u0151l az eg\u00e9szs\u00e9g\u00fcgyig 2018.03.22.<\/strong><\/span><\/h5>\n<h5><span style=\"font-size: 10pt;\"><strong>H\u00fasv\u00e9ti k\u00e9zm\u0171ves a k\u00f6nyvt\u00e1rban 2018.03.21.<\/strong><\/span><\/h5>\n<h5><span style=\"font-size: 10pt;\"><strong>A Pilvax k\u00e1v\u00e9h\u00e1z 2018.03.14.<\/strong><\/span><\/h5>\n<h5><span style=\"font-size: 10pt;\"><strong>\u00d3vod\u00e1sok a k\u00f6nyvt\u00e1rban 2018.03.13.<\/strong><\/span><\/h5>\n<h5><span style=\"font-size: 10pt;\"><strong>K\u00f6nyvt\u00e1rhaszn\u00e1lati verseny 2018.03.08.<\/strong><\/span><\/h5>\n<h5><span style=\"font-size: 10pt;\"><strong>A magyar kult\u00fara napja 2018.01.23.<\/strong><\/span><\/h5>\n","protected":false},"excerpt":{"rendered":"<p>2018-as programjaink Kar\u00e1csonyi k\u00e9zm\u0171ves 2018.12.13. 13-15 \u00f3ra Falugazd\u00e1sz v\u00e1laszol 2018.12.04. 13 \u00f3ra Hogyan tal\u00e1l munkahelyet? 2018.11.28. 10 \u00f3ra Digit\u00e1lis Gyermekv\u00e9delem Sz\u00fcl\u0151knek \u2013 M\u00e9diahaszn\u00e1lat, Identit\u00e1s 2018.11-21. 16.30 \u00f3ra Digit\u00e1lis Gyermekv\u00e9delem sz\u00fcl\u0151knek \u2013 Mag\u00e1nszf\u00e9ra \u2013 Adatv\u00e9delem 2018.11.21. 14 \u00f3ra \u00cdr\u00f3-olvas\u00f3 tal\u00e1lkoz\u00f3 Kov\u00e1cs Attil\u00e1val 2018.10.15. 9-10-11 \u00f3ra Orsz\u00e1gos K\u00f6nyvt\u00e1ri Napok 2018.10.01. \u2013 2018.10.07. \u2013 Pap\u00edrsz\u00ednh\u00e1z 2018.10.04. Nemzetk\u00f6zi k\u00f6nyvjelz\u0151csere [&hellip;]<\/p>\n","protected":false},"author":4,"featured_media":0,"parent":513,"menu_order":0,"comment_status":"closed","ping_status":"closed","template":"","meta":{"footnotes":""},"class_list":["post-2900","page","type-page","status-publish","hentry"],"brizy_media":[],"_links":{"self":[{"href":"https:\/\/ikmk.hu\/archiv\/wp-json\/wp\/v2\/pages\/2900","targetHints":{"allow":["GET"]}}],"collection":[{"href":"https:\/\/ikmk.hu\/archiv\/wp-json\/wp\/v2\/pages"}],"about":[{"href":"https:\/\/ikmk.hu\/archiv\/wp-json\/wp\/v2\/types\/page"}],"author":[{"embeddable":true,"href":"https:\/\/ikmk.hu\/archiv\/wp-json\/wp\/v2\/users\/4"}],"replies":[{"embeddable":true,"href":"https:\/\/ikmk.hu\/archiv\/wp-json\/wp\/v2\/comments?post=2900"}],"version-history":[{"count":3,"href":"https:\/\/ikmk.hu\/archiv\/wp-json\/wp\/v2\/pages\/2900\/revisions"}],"predecessor-version":[{"id":2928,"href":"https:\/\/ikmk.hu\/archiv\/wp-json\/wp\/v2\/pages\/2900\/revisions\/2928"}],"up":[{"embeddable":true,"href":"https:\/\/ikmk.hu\/archiv\/wp-json\/wp\/v2\/pages\/513"}],"wp:attachment":[{"href":"https:\/\/ikmk.hu\/archiv\/wp-json\/wp\/v2\/media?parent=2900"}],"curies":[{"name":"wp","href":"https:\/\/api.w.org\/{rel}","templated":true}]}}