{"id":2904,"date":"2020-04-09T11:58:39","date_gmt":"2020-04-09T11:58:39","guid":{"rendered":"https:\/\/ikmk.hu\/archiv\/?page_id=2904"},"modified":"2025-03-20T16:22:37","modified_gmt":"2025-03-20T14:22:37","slug":"2016-2","status":"publish","type":"page","link":"https:\/\/ikmk.hu\/archiv\/ivancsai-konyvtar\/archiv\/2016-2\/","title":{"rendered":"2016"},"content":{"rendered":"<h5><span style=\"font-size: 10pt;\">2016<\/span><\/h5>\n<h4><span style=\"font-size: 10pt;\">K\u00e9zm\u0171vesfoglalkoz\u00e1s 2016.12.12.<\/span><\/h4>\n<h4><span style=\"font-size: 10pt;\">B\u0171v\u00f6sv\u00f6lgy 2016.11.10.<\/span><\/h4>\n<h4><span style=\"font-size: 10pt;\">Nemzetk\u00f6zi k\u00f6nyvjelz\u0151csere 2016. okt\u00f3ber h\u00f3napban<\/span><\/h4>\n<h4><span style=\"font-size: 10pt;\">Orsz\u00e1gos K\u00f6nyvt\u00e1ri Napok \u00cdr\u00f3-olvas\u00f3 tal\u00e1lkoz\u00f3 Bosny\u00e1k Vikt\u00f3ri\u00e1val 2016.10.07. 13.30<\/span><\/h4>\n<h4><span style=\"font-size: 10pt;\">N\u00e9pmese napja 2016.09.30.<\/span><\/h4>\n<h4><span style=\"font-size: 10pt;\">K\u00f6nyvjelz\u0151k Leiner Laur\u00e1t\u00f3l 2016.04.19.<\/span><\/h4>\n<h4><span style=\"font-size: 10pt;\">K\u00f6lt\u00e9szet Napja 2016.04.11.<\/span><\/h4>\n<h4><span style=\"font-size: 10pt;\">InternetFiesta 2016.03.21. 22.<\/span><\/h4>\n<h4><span style=\"font-size: 10pt;\">Kazinczy sz\u00e9pkiejt\u00e9si verseny 2016.03.16.<\/span><\/h4>\n<h4><span style=\"font-size: 10pt;\">M\u00e1rcius 15. 2016.03.11.<\/span><\/h4>\n<h4><span style=\"font-size: 10pt;\">K\u00f6nyvt\u00e1rhaszn\u00e1lati verseny 2016.03.10.<\/span><\/h4>\n<div class=\"konyvtarblog-elem\">\n<h5><span style=\"font-size: 10pt;\">Magyar Kult\u00fara Napja 2016.01.22<\/span><\/h5>\n<\/div>\n","protected":false},"excerpt":{"rendered":"<p>2016 K\u00e9zm\u0171vesfoglalkoz\u00e1s 2016.12.12. B\u0171v\u00f6sv\u00f6lgy 2016.11.10. Nemzetk\u00f6zi k\u00f6nyvjelz\u0151csere 2016. okt\u00f3ber h\u00f3napban Orsz\u00e1gos K\u00f6nyvt\u00e1ri Napok \u00cdr\u00f3-olvas\u00f3 tal\u00e1lkoz\u00f3 Bosny\u00e1k Vikt\u00f3ri\u00e1val 2016.10.07. 13.30 N\u00e9pmese napja 2016.09.30. K\u00f6nyvjelz\u0151k Leiner Laur\u00e1t\u00f3l 2016.04.19. K\u00f6lt\u00e9szet Napja 2016.04.11. InternetFiesta 2016.03.21. 22. Kazinczy sz\u00e9pkiejt\u00e9si verseny 2016.03.16. M\u00e1rcius 15. 2016.03.11. K\u00f6nyvt\u00e1rhaszn\u00e1lati verseny 2016.03.10. Magyar Kult\u00fara Napja 2016.01.22<\/p>\n","protected":false},"author":4,"featured_media":0,"parent":513,"menu_order":0,"comment_status":"closed","ping_status":"closed","template":"","meta":{"footnotes":""},"class_list":["post-2904","page","type-page","status-publish","hentry"],"brizy_media":[],"_links":{"self":[{"href":"https:\/\/ikmk.hu\/archiv\/wp-json\/wp\/v2\/pages\/2904","targetHints":{"allow":["GET"]}}],"collection":[{"href":"https:\/\/ikmk.hu\/archiv\/wp-json\/wp\/v2\/pages"}],"about":[{"href":"https:\/\/ikmk.hu\/archiv\/wp-json\/wp\/v2\/types\/page"}],"author":[{"embeddable":true,"href":"https:\/\/ikmk.hu\/archiv\/wp-json\/wp\/v2\/users\/4"}],"replies":[{"embeddable":true,"href":"https:\/\/ikmk.hu\/archiv\/wp-json\/wp\/v2\/comments?post=2904"}],"version-history":[{"count":3,"href":"https:\/\/ikmk.hu\/archiv\/wp-json\/wp\/v2\/pages\/2904\/revisions"}],"predecessor-version":[{"id":5673,"href":"https:\/\/ikmk.hu\/archiv\/wp-json\/wp\/v2\/pages\/2904\/revisions\/5673"}],"up":[{"embeddable":true,"href":"https:\/\/ikmk.hu\/archiv\/wp-json\/wp\/v2\/pages\/513"}],"wp:attachment":[{"href":"https:\/\/ikmk.hu\/archiv\/wp-json\/wp\/v2\/media?parent=2904"}],"curies":[{"name":"wp","href":"https:\/\/api.w.org\/{rel}","templated":true}]}}