{"id":2906,"date":"2020-04-09T12:01:08","date_gmt":"2020-04-09T12:01:08","guid":{"rendered":"https:\/\/ikmk.hu\/archiv\/?page_id=2906"},"modified":"2020-04-09T12:36:00","modified_gmt":"2020-04-09T12:36:00","slug":"2017-2","status":"publish","type":"page","link":"https:\/\/ikmk.hu\/archiv\/ivancsai-konyvtar\/archiv\/2017-2\/","title":{"rendered":"2017"},"content":{"rendered":"<h5><span style=\"font-size: 10pt;\">2017<\/span><\/h5>\n<h4><span style=\"font-size: 10pt;\">K\u00e9zm\u0171vesfoglalkoz\u00e1s 2017.12.20.<\/span><\/h4>\n<h4><span style=\"font-size: 10pt;\">Nemzetk\u00f6zi k\u00f6nyvjelz\u0151csere-program 2017.<\/span><\/h4>\n<h4><span style=\"font-size: 10pt;\">\u00cdr\u00f3-olvas\u00f3 tal\u00e1lkoz\u00f3 \u2013 Vend\u00e9g\u00fcnk Kov\u00e1cs Attila \/Holden Rose\/ \u00edr\u00f3 \u2013 2017.10.10. 9 h-10h-11h<\/span><\/h4>\n<h4><span style=\"font-size: 10pt;\">Orsz\u00e1gos K\u00f6nyvt\u00e1ri Napok \u2014 Rejt\u0151zk\u00f6d\u0151 term\u00e9szet \u2013 vizes \u00e9l\u0151helyek Iv\u00e1ncs\u00e1n \u2013 vend\u00e9g\u00fcnk: P\u00e1czai Tam\u00e1s fot\u00f3m\u0171v\u00e9sz \u2013 2017.10.05. 14 h<\/span><\/h4>\n<h4><span style=\"font-size: 10pt;\">N\u00e9pmese Napja 2017.09.29.<\/span><\/h4>\n<h4><span style=\"font-size: 10pt;\">K\u00f6lt\u00e9szet Napja 2017.04.10-11.<\/span><\/h4>\n<h4><span style=\"font-size: 10pt;\">Irodalmi j\u00e1tsz\u00f3h\u00e1z<\/span><\/h4>\n<h4><span style=\"font-size: 10pt;\">K\u00f6nyvt\u00e1rhaszn\u00e1lati verseny 2017.03. 6-10.<\/span><\/h4>\n<h4><span style=\"font-size: 10pt;\">Pet\u0151fi szaval\u00f3verseny 2017.01.26.<\/span><\/h4>\n<div class=\"konyvtarblog-elem\">\n<h5><span style=\"font-size: 10pt;\">A magyar kult\u00fara napja 2017.01.23.<\/span><\/h5>\n<\/div>\n","protected":false},"excerpt":{"rendered":"<p>2017 K\u00e9zm\u0171vesfoglalkoz\u00e1s 2017.12.20. Nemzetk\u00f6zi k\u00f6nyvjelz\u0151csere-program 2017. \u00cdr\u00f3-olvas\u00f3 tal\u00e1lkoz\u00f3 \u2013 Vend\u00e9g\u00fcnk Kov\u00e1cs Attila \/Holden Rose\/ \u00edr\u00f3 \u2013 2017.10.10. 9 h-10h-11h Orsz\u00e1gos K\u00f6nyvt\u00e1ri Napok \u2014 Rejt\u0151zk\u00f6d\u0151 term\u00e9szet \u2013 vizes \u00e9l\u0151helyek Iv\u00e1ncs\u00e1n \u2013 vend\u00e9g\u00fcnk: P\u00e1czai Tam\u00e1s fot\u00f3m\u0171v\u00e9sz \u2013 2017.10.05. 14 h N\u00e9pmese Napja 2017.09.29. K\u00f6lt\u00e9szet Napja 2017.04.10-11. Irodalmi j\u00e1tsz\u00f3h\u00e1z K\u00f6nyvt\u00e1rhaszn\u00e1lati verseny 2017.03. 6-10. Pet\u0151fi szaval\u00f3verseny 2017.01.26. A magyar [&hellip;]<\/p>\n","protected":false},"author":4,"featured_media":0,"parent":513,"menu_order":0,"comment_status":"closed","ping_status":"closed","template":"","meta":{"footnotes":""},"class_list":["post-2906","page","type-page","status-publish","hentry"],"brizy_media":[],"_links":{"self":[{"href":"https:\/\/ikmk.hu\/archiv\/wp-json\/wp\/v2\/pages\/2906","targetHints":{"allow":["GET"]}}],"collection":[{"href":"https:\/\/ikmk.hu\/archiv\/wp-json\/wp\/v2\/pages"}],"about":[{"href":"https:\/\/ikmk.hu\/archiv\/wp-json\/wp\/v2\/types\/page"}],"author":[{"embeddable":true,"href":"https:\/\/ikmk.hu\/archiv\/wp-json\/wp\/v2\/users\/4"}],"replies":[{"embeddable":true,"href":"https:\/\/ikmk.hu\/archiv\/wp-json\/wp\/v2\/comments?post=2906"}],"version-history":[{"count":3,"href":"https:\/\/ikmk.hu\/archiv\/wp-json\/wp\/v2\/pages\/2906\/revisions"}],"predecessor-version":[{"id":2926,"href":"https:\/\/ikmk.hu\/archiv\/wp-json\/wp\/v2\/pages\/2906\/revisions\/2926"}],"up":[{"embeddable":true,"href":"https:\/\/ikmk.hu\/archiv\/wp-json\/wp\/v2\/pages\/513"}],"wp:attachment":[{"href":"https:\/\/ikmk.hu\/archiv\/wp-json\/wp\/v2\/media?parent=2906"}],"curies":[{"name":"wp","href":"https:\/\/api.w.org\/{rel}","templated":true}]}}