{"id":3424,"date":"2021-03-14T19:25:23","date_gmt":"2021-03-14T19:25:23","guid":{"rendered":"https:\/\/ikmk.hu\/archiv\/?page_id=3424"},"modified":"2021-03-25T13:19:28","modified_gmt":"2021-03-25T13:19:28","slug":"marcius-15","status":"publish","type":"page","link":"https:\/\/ikmk.hu\/archiv\/ivancsai-konyvtar\/hirek\/eves-rendezvenyek\/marcius-15\/","title":{"rendered":"M\u00e1rcius 15._2021"},"content":{"rendered":"<p style=\"text-align: center;\"><span style=\"font-size: 24pt; font-family: comic sans ms, sans-serif;\"><span style=\"color: #ff0000;\">Tisztelet<\/span> <span style=\"color: #999999;\">a h\u0151s\u00f6knek!<\/span> <span style=\"color: #008000;\">1848-1849<\/span><\/span><\/p>\n<p style=\"text-align: center;\"><span style=\"font-size: 24pt; font-family: comic sans ms, sans-serif;\"><span style=\"color: #ff0000;\">M\u00e1rcius 15-\u00e9n<\/span> <span style=\"color: #999999;\">\u00fcnnepeljen<\/span> <span style=\"color: #008000;\">vel\u00fcnk!<\/span><\/span><\/p>\n<p style=\"text-align: center;\"><span style=\"font-size: 10pt; font-family: comic sans ms, sans-serif;\">(Kattintson a k\u00e9pekre!)<\/span><\/p>\n<p>&nbsp;<\/p>\n<table style=\"width: 100%; border-collapse: collapse; border-color: #fcfcfc; background-color: #fcfcfc;\" border=\"1\">\n<tbody>\n<tr>\n<td style=\"width: 54.1212%; border-color: #fcfcfc; text-align: center;\"><\/td>\n<td style=\"width: 45.8788%; border-color: #fcfcfc;\"><\/td>\n<\/tr>\n<\/tbody>\n<\/table>\n<table style=\"width: 100%; border-collapse: collapse; border-color: #fcfcfc; background-color: #fcfafa;\" border=\"1\">\n<tbody>\n<tr style=\"height: 193px;\">\n<td style=\"width: 51.8181%; border-color: #ffffff; height: 193px; text-align: center;\"><span style=\"font-size: 18pt; font-family: arial, helvetica, sans-serif;\"><a href=\"https:\/\/view.genial.ly\/603510ebb5e29b0d7a3daa4c\/learning-experience-challenges-marc-15\"><span style=\"color: #999999;\"><span style=\"font-family: comic sans ms, sans-serif;\">M\u00e1rcius 15.: On-line kv\u00edz<\/span><\/span><\/a><a href=\"https:\/\/view.genial.ly\/603510ebb5e29b0d7a3daa4c\/learning-experience-challenges-marc-15\"><span style=\"color: #999999; font-family: comic sans ms, sans-serif;\">\u00a0\u00a0 \u21d2<\/span><\/a><\/span><\/td>\n<td style=\"width: 48.1819%; border-color: #ffffff; height: 193px;\"><a href=\"https:\/\/view.genial.ly\/603510ebb5e29b0d7a3daa4c\/learning-experience-challenges-marc-15\"><img loading=\"lazy\" decoding=\"async\" class=\"wp-image-3416 alignleft\" src=\"https:\/\/ikmk.hu\/archiv\/wp-content\/uploads\/2021\/03\/Tisztelet-a-h\u0151s\u00f6knek.jpg\" alt=\"\" width=\"290\" height=\"163\" srcset=\"https:\/\/ikmk.hu\/archiv\/wp-content\/uploads\/2021\/03\/Tisztelet-a-h\u0151s\u00f6knek.jpg 1366w, https:\/\/ikmk.hu\/archiv\/wp-content\/uploads\/2021\/03\/Tisztelet-a-h\u0151s\u00f6knek-300x169.jpg 300w, https:\/\/ikmk.hu\/archiv\/wp-content\/uploads\/2021\/03\/Tisztelet-a-h\u0151s\u00f6knek-768x432.jpg 768w, https:\/\/ikmk.hu\/archiv\/wp-content\/uploads\/2021\/03\/Tisztelet-a-h\u0151s\u00f6knek-1024x576.jpg 1024w\" sizes=\"auto, (max-width: 290px) 100vw, 290px\" \/><\/a><\/td>\n<\/tr>\n<\/tbody>\n<\/table>\n<p style=\"text-align: left;\"><span style=\"font-family: comic sans ms, sans-serif; font-size: 18pt; color: #008000;\">\u00a0\u00a0\u00a0\u00a0\u00a0\u00a0\u00a0\u00a0\u00a0\u00a0\u00a0\u00a0 M\u00e1rcius 15.: On-line puzzle<\/span><\/p>\n<table style=\"height: 235px; border-color: #911f1f; background-color: #ffffff; width: 580px;\" border=\"1\" width=\"580\">\n<caption>\u00a0<\/caption>\n<tbody>\n<tr>\n<td style=\"width: 211px;\"><a href=\"https:\/\/www.jigsawplanet.com\/?rc=play&amp;pid=2d7cbd1caa9b\"><strong><span style=\"color: #008000;\">\u21d2<\/span><\/strong><\/a><\/p>\n<div style=\"width: 128px\" class=\"wp-caption alignright\"><a href=\"https:\/\/www.jigsawplanet.com\/?rc=play&amp;pid=2d7cbd1caa9b\"><img loading=\"lazy\" decoding=\"async\" class=\"\" src=\"https:\/\/ikmk.hu\/archiv\/wp-content\/uploads\/2021\/03\/motivumok.jpg\" alt=\"\" width=\"118\" height=\"89\" \/><\/a><p class=\"wp-caption-text\">2. a parav\u00e1nja (12 db)<\/p><\/div><\/td>\n<td style=\"width: 136px;\">&nbsp;<\/p>\n<p><span style=\"color: #008000;\"><strong><a style=\"color: #008000;\" href=\"https:\/\/www.jigsawplanet.com\/?rc=play&amp;pid=0a8d8ca72e77\">\u21d2<\/a><\/strong><\/span><\/p>\n<div style=\"width: 132px\" class=\"wp-caption alignright\"><a href=\"https:\/\/www.jigsawplanet.com\/?rc=play&amp;pid=0a8d8ca72e77\"><img loading=\"lazy\" decoding=\"async\" class=\"\" src=\"https:\/\/ikmk.hu\/archiv\/wp-content\/uploads\/2021\/03\/madarak2.jpg\" alt=\"\" width=\"122\" height=\"88\" \/><\/a><p class=\"wp-caption-text\">2. a parav\u00e1nja (24 db)<\/p><\/div>\n<p>&nbsp;<\/td>\n<td style=\"width: 154px;\"><span style=\"color: #008000;\"><a style=\"color: #008000;\" href=\"https:\/\/www.jigsawplanet.com\/?rc=play&amp;pid=0bd051361d40\"><strong>\u21d2<\/strong><\/a><\/span><\/p>\n<div style=\"width: 115px\" class=\"wp-caption alignright\"><a href=\"https:\/\/www.jigsawplanet.com\/?rc=play&amp;pid=0bd051361d40\"><img loading=\"lazy\" decoding=\"async\" class=\"\" src=\"https:\/\/ikmk.hu\/archiv\/wp-content\/uploads\/2021\/03\/ablak1.jpg\" alt=\"\" width=\"105\" height=\"109\" \/><\/a><p class=\"wp-caption-text\">1. a ablaka (16 db)<\/p><\/div><\/td>\n<td style=\"width: 181px;\">\u00a0<span style=\"color: #008000;\"><a style=\"color: #008000;\" href=\"https:\/\/www.jigsawplanet.com\/?rc=play&amp;pid=2397ff087b03\">\u21d2<\/a><\/span><\/p>\n<div style=\"width: 115px\" class=\"wp-caption alignright\"><a href=\"https:\/\/www.jigsawplanet.com\/?rc=play&amp;pid=2397ff087b03\"><img loading=\"lazy\" decoding=\"async\" class=\"\" src=\"https:\/\/ikmk.hu\/archiv\/wp-content\/uploads\/2021\/03\/ablak1.jpg\" alt=\"\" width=\"105\" height=\"109\" \/><\/a><p class=\"wp-caption-text\">1. a ablaka (25 db)<\/p><\/div><\/td>\n<\/tr>\n<\/tbody>\n<\/table>\n","protected":false},"excerpt":{"rendered":"<p>Tisztelet a h\u0151s\u00f6knek! 1848-1849 M\u00e1rcius 15-\u00e9n \u00fcnnepeljen vel\u00fcnk! (Kattintson a k\u00e9pekre!) &nbsp; M\u00e1rcius 15.: On-line kv\u00edz\u00a0\u00a0 \u21d2 \u00a0\u00a0\u00a0\u00a0\u00a0\u00a0\u00a0\u00a0\u00a0\u00a0\u00a0\u00a0 M\u00e1rcius 15.: On-line puzzle \u00a0 \u21d2 &nbsp; \u21d2 &nbsp; \u21d2 \u00a0\u21d2<\/p>\n","protected":false},"author":4,"featured_media":0,"parent":2888,"menu_order":0,"comment_status":"closed","ping_status":"closed","template":"","meta":{"footnotes":""},"class_list":["post-3424","page","type-page","status-publish","hentry"],"brizy_media":[],"_links":{"self":[{"href":"https:\/\/ikmk.hu\/archiv\/wp-json\/wp\/v2\/pages\/3424","targetHints":{"allow":["GET"]}}],"collection":[{"href":"https:\/\/ikmk.hu\/archiv\/wp-json\/wp\/v2\/pages"}],"about":[{"href":"https:\/\/ikmk.hu\/archiv\/wp-json\/wp\/v2\/types\/page"}],"author":[{"embeddable":true,"href":"https:\/\/ikmk.hu\/archiv\/wp-json\/wp\/v2\/users\/4"}],"replies":[{"embeddable":true,"href":"https:\/\/ikmk.hu\/archiv\/wp-json\/wp\/v2\/comments?post=3424"}],"version-history":[{"count":3,"href":"https:\/\/ikmk.hu\/archiv\/wp-json\/wp\/v2\/pages\/3424\/revisions"}],"predecessor-version":[{"id":3620,"href":"https:\/\/ikmk.hu\/archiv\/wp-json\/wp\/v2\/pages\/3424\/revisions\/3620"}],"up":[{"embeddable":true,"href":"https:\/\/ikmk.hu\/archiv\/wp-json\/wp\/v2\/pages\/2888"}],"wp:attachment":[{"href":"https:\/\/ikmk.hu\/archiv\/wp-json\/wp\/v2\/media?parent=3424"}],"curies":[{"name":"wp","href":"https:\/\/api.w.org\/{rel}","templated":true}]}}