{"id":464,"date":"2018-03-31T11:04:25","date_gmt":"2018-03-31T11:04:25","guid":{"rendered":"https:\/\/ikmk.hu\/archiv\/?page_id=464"},"modified":"2025-01-22T11:48:24","modified_gmt":"2025-01-22T09:48:24","slug":"kapcsolat","status":"publish","type":"page","link":"https:\/\/ikmk.hu\/archiv\/ivancsai-helytorteneti-gyujtemeny\/kapcsolat\/","title":{"rendered":"Kapcsolat"},"content":{"rendered":"<div class='content-column egy_ketted'><h4>F\u00fcr\u00e9sz Gyula Helyt\u00f6rt\u00e9neti Gy\u0171jtem\u00e9ny<\/h4>\n<p><strong>Bircs\u00e1k Lajosn\u00e9<br \/>\n<\/strong><em>a Helyt\u00f6rt\u00e9neti Gy\u0171jtem\u00e9ny vezet\u0151je<\/em><strong><br \/>\nC\u00edm:<\/strong> 2454 Iv\u00e1ncsa, F\u0151 utca 3.<\/p>\n<p>Iv\u00e1ncsai K\u00f6nyvt\u00e1r \u00e9s M\u0171vel\u0151d\u00e9si K\u00f6zpont<br \/>\n<strong>Telefon:<\/strong>\u00a006-30-846-55-93<br \/>\n<strong>E-mail:<\/strong> ikmkfaluhaz@gmail.com<\/p>\n<p>Az int\u00e9zm\u00e9ny ad\u00f3sz\u00e1ma: 15834780-2-07<br \/><\/div>\n<div class='content-column egy_ketted last_column'><img loading=\"lazy\" decoding=\"async\" class=\"alignnone size-full wp-image-465\" src=\"https:\/\/ikmk.hu\/archiv\/wp-content\/uploads\/2018\/03\/helytorteneti.jpg\" alt=\"\" width=\"800\" height=\"800\" srcset=\"https:\/\/ikmk.hu\/archiv\/wp-content\/uploads\/2018\/03\/helytorteneti.jpg 800w, https:\/\/ikmk.hu\/archiv\/wp-content\/uploads\/2018\/03\/helytorteneti-150x150.jpg 150w, https:\/\/ikmk.hu\/archiv\/wp-content\/uploads\/2018\/03\/helytorteneti-300x300.jpg 300w, https:\/\/ikmk.hu\/archiv\/wp-content\/uploads\/2018\/03\/helytorteneti-768x768.jpg 768w\" sizes=\"auto, (max-width: 800px) 100vw, 800px\" \/><br \/><\/div><div class='clear_column'><\/div>\n<p><iframe loading=\"lazy\" src=\"https:\/\/www.google.com\/maps\/d\/u\/0\/embed?mid=1eCCNGPhplHsdEhCrqZK-1FdaIZX1QEIY\" width=\"1140\" height=\"400\"><\/iframe><\/p>\n","protected":false},"excerpt":{"rendered":"","protected":false},"author":1,"featured_media":0,"parent":16,"menu_order":0,"comment_status":"closed","ping_status":"closed","template":"","meta":{"footnotes":""},"class_list":["post-464","page","type-page","status-publish","hentry"],"brizy_media":[],"_links":{"self":[{"href":"https:\/\/ikmk.hu\/archiv\/wp-json\/wp\/v2\/pages\/464","targetHints":{"allow":["GET"]}}],"collection":[{"href":"https:\/\/ikmk.hu\/archiv\/wp-json\/wp\/v2\/pages"}],"about":[{"href":"https:\/\/ikmk.hu\/archiv\/wp-json\/wp\/v2\/types\/page"}],"author":[{"embeddable":true,"href":"https:\/\/ikmk.hu\/archiv\/wp-json\/wp\/v2\/users\/1"}],"replies":[{"embeddable":true,"href":"https:\/\/ikmk.hu\/archiv\/wp-json\/wp\/v2\/comments?post=464"}],"version-history":[{"count":2,"href":"https:\/\/ikmk.hu\/archiv\/wp-json\/wp\/v2\/pages\/464\/revisions"}],"predecessor-version":[{"id":5604,"href":"https:\/\/ikmk.hu\/archiv\/wp-json\/wp\/v2\/pages\/464\/revisions\/5604"}],"up":[{"embeddable":true,"href":"https:\/\/ikmk.hu\/archiv\/wp-json\/wp\/v2\/pages\/16"}],"wp:attachment":[{"href":"https:\/\/ikmk.hu\/archiv\/wp-json\/wp\/v2\/media?parent=464"}],"curies":[{"name":"wp","href":"https:\/\/api.w.org\/{rel}","templated":true}]}}